{"id":160,"date":"2024-04-15T17:30:32","date_gmt":"2024-04-15T20:30:32","guid":{"rendered":"https:\/\/manoelvarela.com.br\/?page_id=160"},"modified":"2024-08-14T16:10:05","modified_gmt":"2024-08-14T19:10:05","slug":"detalhes-dos-livros","status":"publish","type":"page","link":"https:\/\/manoelvarela.com.br\/index.php\/detalhes-dos-livros\/","title":{"rendered":"Detalhes dos livros"},"content":{"rendered":"\t\t<div data-elementor-type=\"wp-page\" data-elementor-id=\"160\" class=\"elementor elementor-160\">\n\t\t\t\t<div class=\"elementor-element elementor-element-d7fbf3f e-flex e-con-boxed e-con e-parent\" data-id=\"d7fbf3f\" data-element_type=\"container\" data-settings=\"{&quot;background_background&quot;:&quot;classic&quot;}\">\n\t\t\t\t\t<div class=\"e-con-inner\">\n\t\t\t\t<div class=\"elementor-element elementor-element-b7c3282 hfe-nav-menu__align-center hfe-submenu-icon-arrow hfe-submenu-animation-none hfe-link-redirect-child hfe-nav-menu__breakpoint-tablet elementor-widget elementor-widget-navigation-menu\" data-id=\"b7c3282\" data-element_type=\"widget\" data-settings=\"{&quot;padding_horizontal_menu_item&quot;:{&quot;unit&quot;:&quot;px&quot;,&quot;size&quot;:15,&quot;sizes&quot;:[]},&quot;padding_horizontal_menu_item_tablet&quot;:{&quot;unit&quot;:&quot;px&quot;,&quot;size&quot;:&quot;&quot;,&quot;sizes&quot;:[]},&quot;padding_horizontal_menu_item_mobile&quot;:{&quot;unit&quot;:&quot;px&quot;,&quot;size&quot;:&quot;&quot;,&quot;sizes&quot;:[]},&quot;padding_vertical_menu_item&quot;:{&quot;unit&quot;:&quot;px&quot;,&quot;size&quot;:15,&quot;sizes&quot;:[]},&quot;padding_vertical_menu_item_tablet&quot;:{&quot;unit&quot;:&quot;px&quot;,&quot;size&quot;:&quot;&quot;,&quot;sizes&quot;:[]},&quot;padding_vertical_menu_item_mobile&quot;:{&quot;unit&quot;:&quot;px&quot;,&quot;size&quot;:&quot;&quot;,&quot;sizes&quot;:[]},&quot;menu_space_between&quot;:{&quot;unit&quot;:&quot;px&quot;,&quot;size&quot;:&quot;&quot;,&quot;sizes&quot;:[]},&quot;menu_space_between_tablet&quot;:{&quot;unit&quot;:&quot;px&quot;,&quot;size&quot;:&quot;&quot;,&quot;sizes&quot;:[]},&quot;menu_space_between_mobile&quot;:{&quot;unit&quot;:&quot;px&quot;,&quot;size&quot;:&quot;&quot;,&quot;sizes&quot;:[]},&quot;menu_row_space&quot;:{&quot;unit&quot;:&quot;px&quot;,&quot;size&quot;:&quot;&quot;,&quot;sizes&quot;:[]},&quot;menu_row_space_tablet&quot;:{&quot;unit&quot;:&quot;px&quot;,&quot;size&quot;:&quot;&quot;,&quot;sizes&quot;:[]},&quot;menu_row_space_mobile&quot;:{&quot;unit&quot;:&quot;px&quot;,&quot;size&quot;:&quot;&quot;,&quot;sizes&quot;:[]},&quot;dropdown_border_radius&quot;:{&quot;unit&quot;:&quot;px&quot;,&quot;top&quot;:&quot;&quot;,&quot;right&quot;:&quot;&quot;,&quot;bottom&quot;:&quot;&quot;,&quot;left&quot;:&quot;&quot;,&quot;isLinked&quot;:true},&quot;dropdown_border_radius_tablet&quot;:{&quot;unit&quot;:&quot;px&quot;,&quot;top&quot;:&quot;&quot;,&quot;right&quot;:&quot;&quot;,&quot;bottom&quot;:&quot;&quot;,&quot;left&quot;:&quot;&quot;,&quot;isLinked&quot;:true},&quot;dropdown_border_radius_mobile&quot;:{&quot;unit&quot;:&quot;px&quot;,&quot;top&quot;:&quot;&quot;,&quot;right&quot;:&quot;&quot;,&quot;bottom&quot;:&quot;&quot;,&quot;left&quot;:&quot;&quot;,&quot;isLinked&quot;:true},&quot;width_dropdown_item&quot;:{&quot;unit&quot;:&quot;px&quot;,&quot;size&quot;:&quot;220&quot;,&quot;sizes&quot;:[]},&quot;width_dropdown_item_tablet&quot;:{&quot;unit&quot;:&quot;px&quot;,&quot;size&quot;:&quot;&quot;,&quot;sizes&quot;:[]},&quot;width_dropdown_item_mobile&quot;:{&quot;unit&quot;:&quot;px&quot;,&quot;size&quot;:&quot;&quot;,&quot;sizes&quot;:[]},&quot;padding_horizontal_dropdown_item&quot;:{&quot;unit&quot;:&quot;px&quot;,&quot;size&quot;:&quot;&quot;,&quot;sizes&quot;:[]},&quot;padding_horizontal_dropdown_item_tablet&quot;:{&quot;unit&quot;:&quot;px&quot;,&quot;size&quot;:&quot;&quot;,&quot;sizes&quot;:[]},&quot;padding_horizontal_dropdown_item_mobile&quot;:{&quot;unit&quot;:&quot;px&quot;,&quot;size&quot;:&quot;&quot;,&quot;sizes&quot;:[]},&quot;padding_vertical_dropdown_item&quot;:{&quot;unit&quot;:&quot;px&quot;,&quot;size&quot;:15,&quot;sizes&quot;:[]},&quot;padding_vertical_dropdown_item_tablet&quot;:{&quot;unit&quot;:&quot;px&quot;,&quot;size&quot;:&quot;&quot;,&quot;sizes&quot;:[]},&quot;padding_vertical_dropdown_item_mobile&quot;:{&quot;unit&quot;:&quot;px&quot;,&quot;size&quot;:&quot;&quot;,&quot;sizes&quot;:[]},&quot;distance_from_menu&quot;:{&quot;unit&quot;:&quot;px&quot;,&quot;size&quot;:&quot;&quot;,&quot;sizes&quot;:[]},&quot;distance_from_menu_tablet&quot;:{&quot;unit&quot;:&quot;px&quot;,&quot;size&quot;:&quot;&quot;,&quot;sizes&quot;:[]},&quot;distance_from_menu_mobile&quot;:{&quot;unit&quot;:&quot;px&quot;,&quot;size&quot;:&quot;&quot;,&quot;sizes&quot;:[]},&quot;toggle_size&quot;:{&quot;unit&quot;:&quot;px&quot;,&quot;size&quot;:&quot;&quot;,&quot;sizes&quot;:[]},&quot;toggle_size_tablet&quot;:{&quot;unit&quot;:&quot;px&quot;,&quot;size&quot;:&quot;&quot;,&quot;sizes&quot;:[]},&quot;toggle_size_mobile&quot;:{&quot;unit&quot;:&quot;px&quot;,&quot;size&quot;:&quot;&quot;,&quot;sizes&quot;:[]},&quot;toggle_border_width&quot;:{&quot;unit&quot;:&quot;px&quot;,&quot;size&quot;:&quot;&quot;,&quot;sizes&quot;:[]},&quot;toggle_border_width_tablet&quot;:{&quot;unit&quot;:&quot;px&quot;,&quot;size&quot;:&quot;&quot;,&quot;sizes&quot;:[]},&quot;toggle_border_width_mobile&quot;:{&quot;unit&quot;:&quot;px&quot;,&quot;size&quot;:&quot;&quot;,&quot;sizes&quot;:[]},&quot;toggle_border_radius&quot;:{&quot;unit&quot;:&quot;px&quot;,&quot;size&quot;:&quot;&quot;,&quot;sizes&quot;:[]},&quot;toggle_border_radius_tablet&quot;:{&quot;unit&quot;:&quot;px&quot;,&quot;size&quot;:&quot;&quot;,&quot;sizes&quot;:[]},&quot;toggle_border_radius_mobile&quot;:{&quot;unit&quot;:&quot;px&quot;,&quot;size&quot;:&quot;&quot;,&quot;sizes&quot;:[]}}\" data-widget_type=\"navigation-menu.default\">\n\t\t\t\t<div class=\"elementor-widget-container\">\n\t\t\t\t\t\t\t\t<div class=\"hfe-nav-menu hfe-layout-horizontal hfe-nav-menu-layout horizontal hfe-pointer__none\" data-layout=\"horizontal\">\n\t\t\t\t<div role=\"button\" class=\"hfe-nav-menu__toggle elementor-clickable\" tabindex=\"0\" aria-label=\"Menu Toggle\">\n\t\t\t\t\t<span class=\"screen-reader-text\">Menu<\/span>\n\t\t\t\t\t<div class=\"hfe-nav-menu-icon\">\n\t\t\t\t\t\t<svg aria-hidden=\"true\"  class=\"e-font-icon-svg e-fas-align-justify\" viewBox=\"0 0 448 512\" xmlns=\"http:\/\/www.w3.org\/2000\/svg\"><path d=\"M432 416H16a16 16 0 0 0-16 16v32a16 16 0 0 0 16 16h416a16 16 0 0 0 16-16v-32a16 16 0 0 0-16-16zm0-128H16a16 16 0 0 0-16 16v32a16 16 0 0 0 16 16h416a16 16 0 0 0 16-16v-32a16 16 0 0 0-16-16zm0-128H16a16 16 0 0 0-16 16v32a16 16 0 0 0 16 16h416a16 16 0 0 0 16-16v-32a16 16 0 0 0-16-16zm0-128H16A16 16 0 0 0 0 48v32a16 16 0 0 0 16 16h416a16 16 0 0 0 16-16V48a16 16 0 0 0-16-16z\"><\/path><\/svg>\t\t\t\t\t<\/div>\n\t\t\t\t<\/div>\n\t\t\t\t<nav class=\"hfe-nav-menu__layout-horizontal hfe-nav-menu__submenu-arrow\" data-toggle-icon=\"&lt;svg aria-hidden=&quot;true&quot; tabindex=&quot;0&quot; class=&quot;e-font-icon-svg e-fas-align-justify&quot; viewBox=&quot;0 0 448 512&quot; xmlns=&quot;http:\/\/www.w3.org\/2000\/svg&quot;&gt;&lt;path d=&quot;M432 416H16a16 16 0 0 0-16 16v32a16 16 0 0 0 16 16h416a16 16 0 0 0 16-16v-32a16 16 0 0 0-16-16zm0-128H16a16 16 0 0 0-16 16v32a16 16 0 0 0 16 16h416a16 16 0 0 0 16-16v-32a16 16 0 0 0-16-16zm0-128H16a16 16 0 0 0-16 16v32a16 16 0 0 0 16 16h416a16 16 0 0 0 16-16v-32a16 16 0 0 0-16-16zm0-128H16A16 16 0 0 0 0 48v32a16 16 0 0 0 16 16h416a16 16 0 0 0 16-16V48a16 16 0 0 0-16-16z&quot;&gt;&lt;\/path&gt;&lt;\/svg&gt;\" data-close-icon=\"&lt;svg aria-hidden=&quot;true&quot; tabindex=&quot;0&quot; class=&quot;e-font-icon-svg e-far-window-close&quot; viewBox=&quot;0 0 512 512&quot; xmlns=&quot;http:\/\/www.w3.org\/2000\/svg&quot;&gt;&lt;path d=&quot;M464 32H48C21.5 32 0 53.5 0 80v352c0 26.5 21.5 48 48 48h416c26.5 0 48-21.5 48-48V80c0-26.5-21.5-48-48-48zm0 394c0 3.3-2.7 6-6 6H54c-3.3 0-6-2.7-6-6V86c0-3.3 2.7-6 6-6h404c3.3 0 6 2.7 6 6v340zM356.5 194.6L295.1 256l61.4 61.4c4.6 4.6 4.6 12.1 0 16.8l-22.3 22.3c-4.6 4.6-12.1 4.6-16.8 0L256 295.1l-61.4 61.4c-4.6 4.6-12.1 4.6-16.8 0l-22.3-22.3c-4.6-4.6-4.6-12.1 0-16.8l61.4-61.4-61.4-61.4c-4.6-4.6-4.6-12.1 0-16.8l22.3-22.3c4.6-4.6 12.1-4.6 16.8 0l61.4 61.4 61.4-61.4c4.6-4.6 12.1-4.6 16.8 0l22.3 22.3c4.7 4.6 4.7 12.1 0 16.8z&quot;&gt;&lt;\/path&gt;&lt;\/svg&gt;\" data-full-width=\"yes\">\n\t\t\t\t\t<ul id=\"menu-1-b7c3282\" class=\"hfe-nav-menu\"><li id=\"menu-item-93\" class=\"menu-item menu-item-type-post_type menu-item-object-page menu-item-home parent hfe-creative-menu\"><a href=\"https:\/\/manoelvarela.com.br\/\" class = \"hfe-menu-item\">Inicial<\/a><\/li>\n<li id=\"menu-item-98\" class=\"menu-item menu-item-type-custom menu-item-object-custom parent hfe-creative-menu\"><a href=\"#Sobre\" class = \"hfe-menu-item\">Sobre<\/a><\/li>\n<li id=\"menu-item-94\" class=\"menu-item menu-item-type-custom menu-item-object-custom parent hfe-creative-menu\"><a href=\"#Obrasdoautor\" class = \"hfe-menu-item\">Obras do Autor<\/a><\/li>\n<\/ul> \n\t\t\t\t<\/nav>\n\t\t\t<\/div>\n\t\t\t\t\t\t\t<\/div>\n\t\t\t\t<\/div>\n\t\t\t\t\t<\/div>\n\t\t\t\t<\/div>\n\t\t<div class=\"elementor-element elementor-element-968544e e-flex e-con-boxed e-con e-parent\" data-id=\"968544e\" data-element_type=\"container\">\n\t\t\t\t\t<div class=\"e-con-inner\">\n\t\t<div class=\"elementor-element elementor-element-8c896a5 e-con-full e-flex e-con e-child\" data-id=\"8c896a5\" data-element_type=\"container\" data-settings=\"{&quot;background_background&quot;:&quot;classic&quot;}\">\n\t\t\t\t<div class=\"elementor-element elementor-element-5e870e0 elementor-widget elementor-widget-image\" data-id=\"5e870e0\" data-element_type=\"widget\" data-widget_type=\"image.default\">\n\t\t\t\t<div class=\"elementor-widget-container\">\n\t\t\t\t\t\t\t\t\t\t\t\t\t\t\t<img fetchpriority=\"high\" decoding=\"async\" width=\"580\" height=\"860\" src=\"https:\/\/manoelvarela.com.br\/wp-content\/uploads\/2024\/08\/Imagem-do-WhatsApp-de-2024-08-02-as-15.42.23_c7d63a60-691x1024.jpg\" class=\"attachment-large size-large wp-image-223\" alt=\"\" srcset=\"https:\/\/manoelvarela.com.br\/wp-content\/uploads\/2024\/08\/Imagem-do-WhatsApp-de-2024-08-02-as-15.42.23_c7d63a60-691x1024.jpg 691w, https:\/\/manoelvarela.com.br\/wp-content\/uploads\/2024\/08\/Imagem-do-WhatsApp-de-2024-08-02-as-15.42.23_c7d63a60-202x300.jpg 202w, https:\/\/manoelvarela.com.br\/wp-content\/uploads\/2024\/08\/Imagem-do-WhatsApp-de-2024-08-02-as-15.42.23_c7d63a60.jpg 760w\" sizes=\"(max-width: 580px) 100vw, 580px\" \/>\t\t\t\t\t\t\t\t\t\t\t\t\t\t\t<\/div>\n\t\t\t\t<\/div>\n\t\t\t\t<\/div>\n\t\t<div class=\"elementor-element elementor-element-54aff09 e-con-full e-flex e-con e-child\" data-id=\"54aff09\" data-element_type=\"container\">\n\t\t\t\t<div class=\"elementor-element elementor-element-8b713d5 elementor-widget elementor-widget-menu-anchor\" data-id=\"8b713d5\" data-element_type=\"widget\" data-widget_type=\"menu-anchor.default\">\n\t\t\t\t<div class=\"elementor-widget-container\">\n\t\t\t\t\t\t\t<div class=\"elementor-menu-anchor\" id=\"papanicolau\"><\/div>\n\t\t\t\t\t\t<\/div>\n\t\t\t\t<\/div>\n\t\t\t\t<div class=\"elementor-element elementor-element-31f9114 elementor-widget elementor-widget-text-editor\" data-id=\"31f9114\" data-element_type=\"widget\" data-widget_type=\"text-editor.default\">\n\t\t\t\t<div class=\"elementor-widget-container\">\n\t\t\t\t\t\t\t\t\t<p style=\"text-align: justify;\">Utilizando a t\u00e9cnica do romance hist\u00f3rico, Manoel Luiz Varela soube injetar sangue nas veias de seus personagens, ou seja, apresent\u00e1-los ao leitor como seres humanos verdadeiros. Saber que George tocou violino em casas noturnas nos seus primeiros tempos em Nova Iorque, para n\u00e3o passar fome com sua mulher, o Google pode nos informar rapidamente. Viver aquele momento, como se o estiv\u00e9ssemos assistindo, somente na leitura deste livro. O mesmo acontece em muitas outras cenas recriadas pelo autor, como no casamento de George e Andromache, quando descobrimos at\u00e9 porque os gregos costumam quebrar pratos em suas celebra\u00e7\u00f5es. Sim, este livro \u00e9 uma biografia escrita com a t\u00e9cnica do romance, como Homero o fez na antiguidade, Victor Hugo no s\u00e9culo XIX, Erico Verissimo, no s\u00e9culo XX e muitos de n\u00f3s o fazemos nos dias atuais, inclusive eu. A \u00fanica coisa proibida num romance desta natureza \u00e9 faltar com a verdade hist\u00f3rica. E esse pecado jamais \u00e9 cometido pelo nosso escritor Manoel Luiz Varela. Tudo isso, sem que o escritor deixe de lado os aspectos principais do trabalho cient\u00edfico de seu biografado.<\/p>\t\t\t\t\t\t\t\t<\/div>\n\t\t\t\t<\/div>\n\t\t\t\t<\/div>\n\t\t\t\t\t<\/div>\n\t\t\t\t<\/div>\n\t\t<div class=\"elementor-element elementor-element-1c2864e e-flex e-con-boxed e-con e-parent\" data-id=\"1c2864e\" data-element_type=\"container\">\n\t\t\t\t\t<div class=\"e-con-inner\">\n\t\t\t\t<div class=\"elementor-element elementor-element-ab7924a elementor-widget-divider--view-line elementor-widget elementor-widget-divider\" data-id=\"ab7924a\" data-element_type=\"widget\" data-widget_type=\"divider.default\">\n\t\t\t\t<div class=\"elementor-widget-container\">\n\t\t\t\t\t\t\t<div class=\"elementor-divider\">\n\t\t\t<span class=\"elementor-divider-separator\">\n\t\t\t\t\t\t<\/span>\n\t\t<\/div>\n\t\t\t\t\t\t<\/div>\n\t\t\t\t<\/div>\n\t\t\t\t\t<\/div>\n\t\t\t\t<\/div>\n\t\t<div class=\"elementor-element elementor-element-4c4f9f8 e-flex e-con-boxed e-con e-parent\" data-id=\"4c4f9f8\" data-element_type=\"container\">\n\t\t\t\t\t<div class=\"e-con-inner\">\n\t\t<div class=\"elementor-element elementor-element-6c8936d e-con-full e-flex e-con e-child\" data-id=\"6c8936d\" data-element_type=\"container\" data-settings=\"{&quot;background_background&quot;:&quot;classic&quot;}\">\n\t\t\t\t<div class=\"elementor-element elementor-element-a83c3d1 elementor-widget elementor-widget-image\" data-id=\"a83c3d1\" data-element_type=\"widget\" data-widget_type=\"image.default\">\n\t\t\t\t<div class=\"elementor-widget-container\">\n\t\t\t\t\t\t\t\t\t\t\t\t\t\t\t<img decoding=\"async\" width=\"580\" height=\"869\" src=\"https:\/\/manoelvarela.com.br\/wp-content\/uploads\/2024\/03\/51N-n5-xnuL._SY466_.jpg\" class=\"attachment-large size-large wp-image-36\" alt=\"\" srcset=\"https:\/\/manoelvarela.com.br\/wp-content\/uploads\/2024\/03\/51N-n5-xnuL._SY466_.jpg 648w, https:\/\/manoelvarela.com.br\/wp-content\/uploads\/2024\/03\/51N-n5-xnuL._SY466_-200x300.jpg 200w\" sizes=\"(max-width: 580px) 100vw, 580px\" \/>\t\t\t\t\t\t\t\t\t\t\t\t\t\t\t<\/div>\n\t\t\t\t<\/div>\n\t\t\t\t<div class=\"elementor-element elementor-element-5d01d93 elementor-widget elementor-widget-text-editor\" data-id=\"5d01d93\" data-element_type=\"widget\" data-widget_type=\"text-editor.default\">\n\t\t\t\t<div class=\"elementor-widget-container\">\n\t\t\t\t\t\t\t\t\t<p style=\"text-align: justify;\">SUM\u00c1RIO: Parto inesquec\u00edvel \/ A cria\u00e7\u00e3o do homem\/ A via sacra \/ A bailarina e o toureiro \/ O sil\u00eancio da floresta \/ Os plantadores de batatas \/ O \u00a0trenzinho \u00a0dos caipiras \/ O esqueleto e o escaravelho sagrado \/ Um certo capit\u00e3o Herculano \/ Pacto com a morte \/ A incr\u00edvel contadora de hist\u00f3rias \/ Amor e trai\u00e7\u00e3o \/ Fundo do po\u00e7o \/ A cadeira do drag\u00e3o \/ O amor na pandemia \/ Um c\u00e3o chamado Argos \/ O apag\u00e3o \/ O transplante \/ O canto da sereia \/ Soldadinhos de chumbo \/ Orgulho imortal \/ Luar quente \/ O espelho m\u00e1gico \/ O sil\u00eancio \/ Um corpo na praia \/ A casa \/ As quatro esta\u00e7\u00f5es \/ O vestibular: mem\u00f3ria do ver\u00e3o de 1967 \/ A aula inaugural \/ A equipe de salvamento dos afogados \/ Um congresso no Rio de Janeiro \/ Conhecendo o Pr\u00eamio Nobel \/ Os her\u00f3is an\u00f4nimos \/ O chamado urgente na aldeia ind\u00edgena \/ A ind\u00edgena e o caramuru \/ Dejen que trabajen los trombocitos \/ Miniatura I \/ Miniatura II \/ Nasceu sorrindo \/ O velho quase cego \/ Um anjo negro \/ O pampa e o\u00a0 vento \/ O loboi-guar\u00e1 e os apenados \/ Um gladiador revolucion\u00e1rio \/ Os tr\u00eas conselhos \/ O\u00a0 c\u00e1lculo\u00a0 urin\u00e1rio \/\u00a0 O Deus J\u00fapiter e a sua irm\u00e3 Juno \/\u00a0O circo das ilus\u00f5es \/\u00a0Mem\u00f3rias de um cin\u00e9filo \/\u00a0A hist\u00f3ria da constru\u00e7\u00e3o de um hospital<\/p>\t\t\t\t\t\t\t\t<\/div>\n\t\t\t\t<\/div>\n\t\t\t\t<\/div>\n\t\t<div class=\"elementor-element elementor-element-0f3e7bf e-con-full e-flex e-con e-child\" data-id=\"0f3e7bf\" data-element_type=\"container\">\n\t\t\t\t<div class=\"elementor-element elementor-element-82c1a7a elementor-widget elementor-widget-menu-anchor\" data-id=\"82c1a7a\" data-element_type=\"widget\" data-widget_type=\"menu-anchor.default\">\n\t\t\t\t<div class=\"elementor-widget-container\">\n\t\t\t\t\t\t\t<div class=\"elementor-menu-anchor\" id=\"parto\"><\/div>\n\t\t\t\t\t\t<\/div>\n\t\t\t\t<\/div>\n\t\t\t\t<div class=\"elementor-element elementor-element-70b2c5f elementor-widget elementor-widget-text-editor\" data-id=\"70b2c5f\" data-element_type=\"widget\" data-widget_type=\"text-editor.default\">\n\t\t\t\t<div class=\"elementor-widget-container\">\n\t\t\t\t\t\t\t\t\t<p style=\"text-align: center;\">PREF\u00c1CIO<\/p><p style=\"text-align: center;\"><strong>O LIVRO DE CONTOS DO DOUTOR MANOEL<\/strong><\/p><p style=\"text-align: justify;\">Quem foi meu aluno-escritor em Oficina Liter\u00e1ria, como o autor deste livro, sabe que a palavra-chave para conquistar o leitor \u00e9 emo\u00e7\u00e3o. Voc\u00e1bulo que o velho Larousse define como agita\u00e7\u00e3o causada por alegria, surpresa, medo, recorda\u00e7\u00e3o.<\/p><p style=\"text-align: justify;\">Pois emo\u00e7\u00e3o \u00e9 o que transpira de cada um dos contos escritos por Manoel Luiz Varela. At\u00e9 porque, seguindo a recomenda\u00e7\u00e3o de Hemingway, ele s\u00f3 escreve sobre os assuntos que domina, principalmente recria\u00e7\u00f5es de momentos marcantes em sua longa carreira de m\u00e9dico.<\/p><p style=\"text-align: justify;\">Ainda menino, Manoel definiu o desejo de seguir o caminho de Escul\u00e1pio, e nos encanta com relatos de suas diferentes etapas, como do dia em que passou no vestibular, no que adentrou a velha Faculdade de Medicina da UFRGS, do susto com o esqueleto numa aula de Anatomia, da viagem a Buenos Aires, sin ninguna plata, para conhecer o Professor Bernard Houssay, o argentino que conquistou o Pr\u00eamio Nobel de Medicina.<\/p><p style=\"text-align: justify;\">Depois, rec\u00e9m-formado, nos leva para assistir uma opera\u00e7\u00e3o de sete horas de um cirurgi\u00e3o famoso, mas que veio a Porto Alegre para ser aplaudido, reverenciado, mesmo ao risco da vida da paciente. E logo nos mostra o contraste nos levando consigo para um pequeno hospital \u00e0 beira mar, onde at\u00e9 a cozinheira se transforma em auxiliar de enfermagem, pois salvar as v\u00edtimas de afogamento \u00e9 a palavra de ordem. Sem nos dar tempo de respirar, entra numa canoa e vai medicar um velho ind\u00edgena, descrevendo cada detalhe em palavras que nos agitam, nos d\u00e3o medo e nos alegram no final feliz.<\/p><p style=\"text-align: justify;\">Manoel Luiz Varela tamb\u00e9m incursiona com maestria por outros caminhos, mas retorna \u00e0s narrativas de sua viv\u00eancia na arte de salvar vidas, de amenizar a dor, de retirar todos os ru\u00eddos, toda a luminosidade da sala de parto, para que somente a m\u00e3e possa dar \u00e0 luz.<\/p><p style=\"text-align: justify;\">Encanta-me tamb\u00e9m a maneira como esgrima em alguns contos com o ego\u00edsmo humano, como aquele do cego que foi escorra\u00e7ado pelos outros pacientes, nos dando a \u00faltima estocada com palavras de Saramago em sua obra prima, Um ensaio sobre a cegueira.<\/p><p style=\"text-align: justify;\">Se n\u00e3o resistir \u00e0 tenta\u00e7\u00e3o, o leitor pode devorar este livro de um \u00fanico f\u00f4lego, mas Parto inesquec\u00edvel e outros contos merecer\u00e1 sempre uma degusta\u00e7\u00e3o demorada, conto por conto, gole por gole) como fazemos ao beber um vinho de casta rara, produto do terroir de um m\u00e9dico escritor.<\/p><p style=\"text-align: right;\">Alcy Cheuiche<br \/>Porto Alegre &#8211; Inverno de 2023<\/p>\t\t\t\t\t\t\t\t<\/div>\n\t\t\t\t<\/div>\n\t\t\t\t<\/div>\n\t\t\t\t\t<\/div>\n\t\t\t\t<\/div>\n\t\t<div class=\"elementor-element elementor-element-052019d e-flex e-con-boxed e-con e-parent\" data-id=\"052019d\" data-element_type=\"container\">\n\t\t\t\t\t<div class=\"e-con-inner\">\n\t\t\t\t<div class=\"elementor-element elementor-element-61f214e elementor-widget-divider--view-line elementor-widget elementor-widget-divider\" data-id=\"61f214e\" data-element_type=\"widget\" data-widget_type=\"divider.default\">\n\t\t\t\t<div class=\"elementor-widget-container\">\n\t\t\t\t\t\t\t<div class=\"elementor-divider\">\n\t\t\t<span class=\"elementor-divider-separator\">\n\t\t\t\t\t\t<\/span>\n\t\t<\/div>\n\t\t\t\t\t\t<\/div>\n\t\t\t\t<\/div>\n\t\t\t\t\t<\/div>\n\t\t\t\t<\/div>\n\t\t<div class=\"elementor-element elementor-element-82deec4 e-flex e-con-boxed e-con e-parent\" data-id=\"82deec4\" data-element_type=\"container\">\n\t\t\t\t\t<div class=\"e-con-inner\">\n\t\t<div class=\"elementor-element elementor-element-2391a1d e-con-full e-flex e-con e-child\" data-id=\"2391a1d\" data-element_type=\"container\" data-settings=\"{&quot;background_background&quot;:&quot;classic&quot;}\">\n\t\t\t\t<div class=\"elementor-element elementor-element-7bac4db elementor-widget elementor-widget-image\" data-id=\"7bac4db\" data-element_type=\"widget\" data-widget_type=\"image.default\">\n\t\t\t\t<div class=\"elementor-widget-container\">\n\t\t\t\t\t\t\t\t\t\t\t\t\t\t\t<img decoding=\"async\" width=\"580\" height=\"900\" src=\"https:\/\/manoelvarela.com.br\/wp-content\/uploads\/2024\/03\/casa-das-magnolias-660x1024.jpg\" class=\"attachment-large size-large wp-image-39\" alt=\"\" srcset=\"https:\/\/manoelvarela.com.br\/wp-content\/uploads\/2024\/03\/casa-das-magnolias-660x1024.jpg 660w, https:\/\/manoelvarela.com.br\/wp-content\/uploads\/2024\/03\/casa-das-magnolias-193x300.jpg 193w, https:\/\/manoelvarela.com.br\/wp-content\/uploads\/2024\/03\/casa-das-magnolias-768x1192.jpg 768w, https:\/\/manoelvarela.com.br\/wp-content\/uploads\/2024\/03\/casa-das-magnolias.jpg 823w\" sizes=\"(max-width: 580px) 100vw, 580px\" \/>\t\t\t\t\t\t\t\t\t\t\t\t\t\t\t<\/div>\n\t\t\t\t<\/div>\n\t\t\t\t<\/div>\n\t\t<div class=\"elementor-element elementor-element-8cbab75 e-con-full e-flex e-con e-child\" data-id=\"8cbab75\" data-element_type=\"container\">\n\t\t\t\t<div class=\"elementor-element elementor-element-c05c8a2 elementor-widget elementor-widget-menu-anchor\" data-id=\"c05c8a2\" data-element_type=\"widget\" data-widget_type=\"menu-anchor.default\">\n\t\t\t\t<div class=\"elementor-widget-container\">\n\t\t\t\t\t\t\t<div class=\"elementor-menu-anchor\" id=\"magnolia\"><\/div>\n\t\t\t\t\t\t<\/div>\n\t\t\t\t<\/div>\n\t\t\t\t<div class=\"elementor-element elementor-element-fa583b6 elementor-widget elementor-widget-text-editor\" data-id=\"fa583b6\" data-element_type=\"widget\" data-widget_type=\"text-editor.default\">\n\t\t\t\t<div class=\"elementor-widget-container\">\n\t\t\t\t\t\t\t\t\t<p>A hist\u00f3ria de um jovem m\u00e9dico, Jos\u00e9 Ferraz, que mora numa mans\u00e3o antiga na cidade de Porto Alegre, conhecida como a Casa das Magn\u00f3lias. Ali viveram gera\u00e7\u00f5es da fam\u00edlia Ferraz.<\/p>\n<p>\u00c9 no ano de 1987 que surge uma proposta milion\u00e1ria de compra desse casar\u00e3o por uma grande construtora e incorporadora. Jos\u00e9 passa a viver um grande dilema entre vender ou n\u00e3o o referido im\u00f3vel, por tudo que ele representa para a hist\u00f3ria de sua fam\u00edlia, al\u00e9m dos valores sentimentais. Havia o risco de tudo virar p\u00f3 e esquecimento.<\/p>\n<p>Narra-se aqui a trajet\u00f3ria de tr\u00eas gera\u00e7\u00f5es dessa fam\u00edlia, passando pelo ano de 2013, em que a cidade se preparava para a Copa do Mundo da Fifa, at\u00e9 o ano de 2032.<\/p>\n<p>A viagem maravilhosa de Jos\u00e9 Ferraz e L\u00edgia, sua amada, a Portugal, Espanha e Turquia, repleta de surpresas, \u00e9 contada nesse livro.<\/p>\n<p>O autor se contenta com a cria\u00e7\u00e3o dessa f\u00e1bula e espera que o leitor vivencie a obra de modo prazeroso.<\/p>\n<p style=\"text-align: center;\">* * *<\/p>\n<p style=\"text-align: justify;\">&#8220;Uma casa como muitas outras, numa rua nem t\u00e3o distinta, dentro de uma cidade que, no fim das contas, \u00e9 meio parecida com v\u00e1rias. Mas, quando olhada com cuidado e aten\u00e7\u00e3o, a mesma casa ganha distin\u00e7\u00e3o e parece \u00fanica, e algo assim ocorre tamb\u00e9m com a rua e at\u00e9 a cidade.<\/p>\n<p style=\"text-align: justify;\">\u00c9 disso que se trata aqui: a mem\u00f3ria, transformada em uma narrativa, destaca e fixa para o futuro aquilo que corria o risco de virar p\u00f3, fuma\u00e7a, esquecimento.<\/p>\n<p style=\"text-align: justify;\">O exerc\u00edcio que Manoel Varela nos apresenta aqui tem o grande m\u00e9rito de mergulhar numa hist\u00f3ria particular, reviv\u00ea-la mediante os fatos aqui narrados, para enfim evidenciar o que de coletivo na experi\u00eancia individual \u2013 justamente o pertencimento de cada um de n\u00f3s ao territ\u00f3rio comum da cidade \u2013 est\u00e1 aqui no que vivemos e que se engrandece e pereniza pela narrativa&#8221;.<\/p>\n<p style=\"text-align: right;\">Lu\u00eds Augusto Fischer<\/p>\t\t\t\t\t\t\t\t<\/div>\n\t\t\t\t<\/div>\n\t\t\t\t<\/div>\n\t\t\t\t\t<\/div>\n\t\t\t\t<\/div>\n\t\t\t\t<\/div>\n\t\t","protected":false},"excerpt":{"rendered":"<p>Menu Inicial Sobre Obras do Autor Utilizando a t\u00e9cnica do romance hist\u00f3rico, Manoel Luiz Varela soube injetar sangue nas veias de seus personagens, ou seja, apresent\u00e1-los ao leitor como seres humanos verdadeiros. Saber que George tocou violino em casas noturnas nos seus primeiros tempos em Nova Iorque, para n\u00e3o passar fome com sua mulher, o [&hellip;]<\/p>\n","protected":false},"author":1,"featured_media":0,"parent":0,"menu_order":0,"comment_status":"closed","ping_status":"closed","template":"elementor_canvas","meta":{"footnotes":""},"class_list":["post-160","page","type-page","status-publish","hentry"],"_links":{"self":[{"href":"https:\/\/manoelvarela.com.br\/index.php\/wp-json\/wp\/v2\/pages\/160","targetHints":{"allow":["GET"]}}],"collection":[{"href":"https:\/\/manoelvarela.com.br\/index.php\/wp-json\/wp\/v2\/pages"}],"about":[{"href":"https:\/\/manoelvarela.com.br\/index.php\/wp-json\/wp\/v2\/types\/page"}],"author":[{"embeddable":true,"href":"https:\/\/manoelvarela.com.br\/index.php\/wp-json\/wp\/v2\/users\/1"}],"replies":[{"embeddable":true,"href":"https:\/\/manoelvarela.com.br\/index.php\/wp-json\/wp\/v2\/comments?post=160"}],"version-history":[{"count":28,"href":"https:\/\/manoelvarela.com.br\/index.php\/wp-json\/wp\/v2\/pages\/160\/revisions"}],"predecessor-version":[{"id":250,"href":"https:\/\/manoelvarela.com.br\/index.php\/wp-json\/wp\/v2\/pages\/160\/revisions\/250"}],"wp:attachment":[{"href":"https:\/\/manoelvarela.com.br\/index.php\/wp-json\/wp\/v2\/media?parent=160"}],"curies":[{"name":"wp","href":"https:\/\/api.w.org\/{rel}","templated":true}]}}